{"id":3610,"date":"2020-09-09T04:31:26","date_gmt":"2020-09-09T09:31:26","guid":{"rendered":"https:\/\/mexicoselecto.com\/index.php\/home-2\/"},"modified":"2023-09-12T12:12:06","modified_gmt":"2023-09-12T18:12:06","slug":"pagina-de-inicio","status":"publish","type":"page","link":"https:\/\/mexicoselecto.com\/","title":{"rendered":""},"content":{"rendered":"\n<div class=\"wp-block-uagb-container uagb-block-65ecd870 alignfull uagb-is-root-container\"><div class=\"uagb-container-inner-blocks-wrap\">\n<div class=\"wp-block-uagb-container uagb-block-19334147\">\n<div class=\"wp-block-uagb-image uagb-block-5cefb0ad wp-block-uagb-image--layout-default wp-block-uagb-image--effect-static wp-block-uagb-image--align-none\"><figure class=\"wp-block-uagb-image__figure\"><img decoding=\"async\" srcset=\"https:\/\/mexicoselecto.com\/wp-content\/uploads\/2023\/09\/WhatsApp-Image-2023-05-28-at-8.51.41-PM-682x1024.jpeg , https:\/\/mexicoselecto.com\/wp-content\/uploads\/2021\/03\/organic-products-hero.png 360w\" sizes=\"(max-width: 480px) 150px\" src=\"https:\/\/mexicoselecto.com\/wp-content\/uploads\/2023\/09\/WhatsApp-Image-2023-05-28-at-8.51.41-PM-682x1024.jpeg\" alt=\"\" class=\"uag-image-4562\" width=\"634\" height=\"543\" title=\"\" loading=\"lazy\"\/><\/figure><\/div>\n<\/div>\n\n\n\n<div class=\"wp-block-uagb-container uagb-block-d759a7b9\">\n<div class=\"wp-block-uagb-info-box uagb-block-f401b2d4 uagb-infobox__content-wrap  uagb-infobox-icon-above-title uagb-infobox-image-valign-top\"><div class=\"uagb-ifb-content\"><div class=\"uagb-ifb-image-content\"><img decoding=\"async\" src=\"https:\/\/mexicoselecto.com\/wp-content\/uploads\/2019\/07\/logo-leaf-new.png\" alt=\"\" width=\"75\" height=\"33\" loading=\"lazy\"\/><\/div><div class=\"uagb-ifb-title-wrap\"><span class=\"uagb-ifb-title-prefix\">Diretamente de sus creadores<\/span><h1 class=\"uagb-ifb-title\">\u00a1Descubre nuevos tesoros!<\/h1><\/div><p class=\"uagb-ifb-desc\">Descubre la aut\u00e9ntica riqueza de sabores y tradiciones a trav\u00e9s de nuestras exclusivas marcas gourmet. Del\u00e9itate con lo mejor de M\u00e9xico, entregado directamente a tu puerta..<\/p><div class=\"uagb-ifb-button-wrapper wp-block-button\"><a href=\"https:\/\/mexicoselecto.com\/index.php\/tienda\/\" class=\"uagb-infobox-cta-link wp-block-button__link\" target=\"_self\" rel=\"noopener noreferrer\" onclick=\"return true;\" alt=\"\"><span class=\"uagb-inline-editing\">TIENDA<\/span><\/a><\/div><\/div><\/div>\n<\/div>\n<\/div><\/div>\n\n\n\n<div class=\"wp-block-uagb-container uagb-block-2a834b40 alignfull uagb-is-root-container\"><div class=\"uagb-container-inner-blocks-wrap\">\n<div class=\"wp-block-uagb-container uagb-block-5f6dc5c8\">\n<div class=\"wp-block-uagb-info-box uagb-block-2a7c2c18 uagb-infobox__content-wrap  uagb-infobox-icon-left uagb-infobox-left uagb-infobox-stacked-mobile uagb-infobox-image-valign-top\"><div class=\"uagb-ifb-icon-wrap\"><svg xmlns=\"https:\/\/www.w3.org\/2000\/svg\" viewBox=\"0 0 640 512\"><path d=\"M368 0C394.5 0 416 21.49 416 48V96H466.7C483.7 96 499.1 102.7 512 114.7L589.3 192C601.3 204 608 220.3 608 237.3V352C625.7 352 640 366.3 640 384C640 401.7 625.7 416 608 416H576C576 469 533 512 480 512C426.1 512 384 469 384 416H256C256 469 213 512 160 512C106.1 512 64 469 64 416H48C21.49 416 0 394.5 0 368V48C0 21.49 21.49 0 48 0H368zM416 160V256H544V237.3L466.7 160H416zM160 368C133.5 368 112 389.5 112 416C112 442.5 133.5 464 160 464C186.5 464 208 442.5 208 416C208 389.5 186.5 368 160 368zM480 464C506.5 464 528 442.5 528 416C528 389.5 506.5 368 480 368C453.5 368 432 389.5 432 416C432 442.5 453.5 464 480 464z\"><\/path><\/svg><\/div><div class=\"uagb-ifb-content\"><div class=\"uagb-ifb-title-wrap\"><h5 class=\"uagb-ifb-title\"> Env\u00edos a toda la rep\u00fablica <\/h5><\/div><p class=\"uagb-ifb-desc\"> Env\u00edos seguros  <\/p><\/div><\/div>\n<\/div>\n\n\n\n<div class=\"wp-block-uagb-container uagb-block-d002976f\">\n<div class=\"wp-block-uagb-info-box uagb-block-c1e128f4 uagb-infobox__content-wrap  uagb-infobox-icon-left uagb-infobox-left uagb-infobox-stacked-mobile uagb-infobox-image-valign-top\"><div class=\"uagb-ifb-icon-wrap\"><svg xmlns=\"https:\/\/www.w3.org\/2000\/svg\" viewBox=\"0 0 512 512\"><path d=\"M507.3 72.57l-67.88-67.88c-6.252-6.25-16.38-6.25-22.63 0l-22.63 22.62c-6.25 6.254-6.251 16.38-.0006 22.63l-76.63 76.63c-46.63-19.75-102.4-10.75-140.4 27.25l-158.4 158.4c-25 25-25 65.51 0 90.51l90.51 90.52c25 25 65.51 25 90.51 0l158.4-158.4c38-38 47-93.76 27.25-140.4l76.63-76.63c6.25 6.25 16.5 6.25 22.75 0l22.63-22.63C513.5 88.95 513.5 78.82 507.3 72.57zM179.3 423.2l-90.51-90.51l122-122l90.51 90.52L179.3 423.2z\"><\/path><\/svg><\/div><div class=\"uagb-ifb-content\"><div class=\"uagb-ifb-title-wrap\"><h5 class=\"uagb-ifb-title\"> Vive Experiencias <\/h5><\/div><p class=\"uagb-ifb-desc\"> Conoce m\u00e1s de nuestros eventos con causa<\/p><\/div><\/div>\n<\/div>\n\n\n\n<div class=\"wp-block-uagb-container uagb-block-234713f5\">\n<div class=\"wp-block-uagb-info-box uagb-block-31953dc3 uagb-infobox__content-wrap  uagb-infobox-icon-left uagb-infobox-left uagb-infobox-stacked-mobile uagb-infobox-image-valign-top\"><div class=\"uagb-ifb-icon-wrap\"><svg xmlns=\"https:\/\/www.w3.org\/2000\/svg\" viewBox=\"0 0 576 512\"><path d=\"M252 208C252 196.1 260.1 188 272 188H288C299 188 308 196.1 308 208V276H312C323 276 332 284.1 332 296C332 307 323 316 312 316H264C252.1 316 244 307 244 296C244 284.1 252.1 276 264 276H268V227.6C258.9 225.7 252 217.7 252 208zM512 64C547.3 64 576 92.65 576 128V384C576 419.3 547.3 448 512 448H64C28.65 448 0 419.3 0 384V128C0 92.65 28.65 64 64 64H512zM128 384C128 348.7 99.35 320 64 320V384H128zM64 192C99.35 192 128 163.3 128 128H64V192zM512 384V320C476.7 320 448 348.7 448 384H512zM512 128H448C448 163.3 476.7 192 512 192V128zM288 144C226.1 144 176 194.1 176 256C176 317.9 226.1 368 288 368C349.9 368 400 317.9 400 256C400 194.1 349.9 144 288 144z\"><\/path><\/svg><\/div><div class=\"uagb-ifb-content\"><div class=\"uagb-ifb-title-wrap\"><h5 class=\"uagb-ifb-title\"> Pagos Seguros<\/h5><\/div><p class=\"uagb-ifb-desc\">  Mercado LIbre, Oxxo, tarjetas<\/p><\/div><\/div>\n<\/div>\n\n\n\n<div class=\"wp-block-uagb-container uagb-block-20af27c2\">\n<div class=\"wp-block-uagb-info-box uagb-block-c908d199 uagb-infobox__content-wrap  uagb-infobox-icon-left uagb-infobox-left uagb-infobox-stacked-mobile uagb-infobox-image-valign-top\"><div class=\"uagb-ifb-icon-wrap\"><svg xmlns=\"https:\/\/www.w3.org\/2000\/svg\" viewBox=\"0 0 512 512\"><path d=\"M156.6 384.9L125.7 353.1C117.2 345.5 114.2 333.1 117.1 321.8C120.1 312.9 124.1 301.3 129.8 288H24C15.38 288 7.414 283.4 3.146 275.9C-1.123 268.4-1.042 259.2 3.357 251.8L55.83 163.3C68.79 141.4 92.33 127.1 117.8 127.1H200C202.4 124 204.8 120.3 207.2 116.7C289.1-4.07 411.1-8.142 483.9 5.275C495.6 7.414 504.6 16.43 506.7 28.06C520.1 100.9 516.1 222.9 395.3 304.8C391.8 307.2 387.1 309.6 384 311.1V394.2C384 419.7 370.6 443.2 348.7 456.2L260.2 508.6C252.8 513 243.6 513.1 236.1 508.9C228.6 504.6 224 496.6 224 488V380.8C209.9 385.6 197.6 389.7 188.3 392.7C177.1 396.3 164.9 393.2 156.6 384.9V384.9zM384 167.1C406.1 167.1 424 150.1 424 127.1C424 105.9 406.1 87.1 384 87.1C361.9 87.1 344 105.9 344 127.1C344 150.1 361.9 167.1 384 167.1z\"><\/path><\/svg><\/div><div class=\"uagb-ifb-content\"><div class=\"uagb-ifb-title-wrap\"><h5 class=\"uagb-ifb-title\">Impulsamos al productor <\/h5><\/div><p class=\"uagb-ifb-desc\"> Precios justos<\/p><\/div><\/div>\n<\/div>\n<\/div><\/div>\n\n\n\n<div class=\"wp-block-uagb-container uagb-block-c0e6d86e alignfull uagb-is-root-container\"><div class=\"uagb-container-inner-blocks-wrap\">\n<div class=\"wp-block-uagb-info-box uagb-block-7dcd92c9 uagb-infobox__content-wrap  uagb-infobox-icon-below-title uagb-infobox-image-valign-top\"><div class=\"uagb-ifb-content\"><div class=\"uagb-ifb-title-wrap\"><h2 class=\"uagb-ifb-title\">Selecci\u00f3n m\u00e1s vendida<\/h2><\/div><div class=\"uagb-ifb-image-content\"><img decoding=\"async\" src=\"https:\/\/mexicoselecto.com\/wp-content\/uploads\/2019\/07\/logo-leaf-new.png\" alt=\"\" width=\"\" height=\"0\" loading=\"lazy\"\/><\/div><\/div><\/div>\n\n\n<div class=\"woocommerce columns-4 \"><\/div>\n<\/div><\/div>\n\n\n\n<div class=\"wp-block-uagb-container uagb-block-e9480995 alignfull uagb-is-root-container\"><div class=\"uagb-container-inner-blocks-wrap\">\n<div class=\"wp-block-uagb-image aligncenter uagb-block-65c49e54 wp-block-uagb-image--layout-default wp-block-uagb-image--effect-static wp-block-uagb-image--align-center\"><figure class=\"wp-block-uagb-image__figure\"><img decoding=\"async\" srcset=\"https:\/\/mexicoselecto.com\/wp-content\/uploads\/2021\/03\/basil-leaf.png \" sizes=\"(max-width: 480px) 150px\" src=\"https:\/\/mexicoselecto.com\/wp-content\/uploads\/2021\/03\/basil-leaf.png\" alt=\"\" class=\"uag-image-3958\" width=\"150\" height=\"90\" title=\"\" loading=\"lazy\"\/><\/figure><\/div>\n<\/div><\/div>\n\n\n\n<div class=\"wp-block-uagb-container uagb-block-cee8e8d2 alignfull uagb-is-root-container\"><div class=\"uagb-container-inner-blocks-wrap\">\n<div class=\"wp-block-uagb-container uagb-block-723896f9\">\n<div class=\"wp-block-uagb-info-box uagb-block-7ac5e01f uagb-infobox__content-wrap  uagb-infobox-icon-above-title uagb-infobox-image-valign-top\"><div class=\"uagb-ifb-content\"><div class=\"uagb-ifb-title-wrap\"><h3 class=\"uagb-ifb-title\">Cervecer\u00eda Martuja<\/h3><\/div><p class=\"uagb-ifb-desc\">Conoce la multipremiada cerveza lee heavy de Martuja<\/p><div class=\"uagb-ifb-button-wrapper wp-block-button\"><a href=\"#\" class=\"uagb-infobox-cta-link wp-block-button__link\" target=\"_self\" rel=\"noopener noreferrer\" onclick=\"return false;\" alt=\"\"><span class=\"uagb-inline-editing\">Compra ahora<\/span><svg xmlns=\"https:\/\/www.w3.org\/2000\/svg\" viewBox=\"0 0 512 512\"><path d=\"M502.6 278.6l-128 128c-12.51 12.51-32.76 12.49-45.25 0c-12.5-12.5-12.5-32.75 0-45.25L402.8 288H32C14.31 288 0 273.7 0 255.1S14.31 224 32 224h370.8l-73.38-73.38c-12.5-12.5-12.5-32.75 0-45.25s32.75-12.5 45.25 0l128 128C515.1 245.9 515.1 266.1 502.6 278.6z\"><\/path><\/svg><\/a><\/div><\/div><\/div>\n<\/div>\n<\/div><\/div>\n\n\n\n<div class=\"wp-block-uagb-container uagb-block-2a501543 alignfull uagb-is-root-container\"><div class=\"uagb-container-inner-blocks-wrap\">\n<div class=\"wp-block-uagb-container uagb-block-846110eb\">\n<div class=\"wp-block-uagb-advanced-heading uagb-block-28adc368\"><h2 class=\"uagb-heading-text\">S\u00edguenos en redes y descubre el cup\u00f3n de 25% de Descuento, m\u00e1ndanos un screenshot  a nuestras redes.<\/h2><\/div>\n<\/div>\n\n\n\n<div class=\"wp-block-uagb-container uagb-block-9f589450\">\n<div class=\"wp-block-uagb-buttons uagb-buttons__outer-wrap uagb-btn__default-btn uagb-btn-tablet__default-btn uagb-btn-mobile__default-btn uagb-block-d51343ba\"><div class=\"uagb-buttons__wrap uagb-buttons-layout-wrap\">\n<div class=\"wp-block-uagb-buttons-child uagb-buttons__outer-wrap uagb-block-c33bd55b wp-block-button\"><div class=\"uagb-button__wrapper\"><a class=\"uagb-buttons-repeater wp-block-button__link\" href=\"#\" onclick=\"return false;\" rel=\"follow noopener\" target=\"_self\"><span class=\"uagb-button__icon uagb-button__icon-position-before\"><svg xmlns=\"https:\/\/www.w3.org\/2000\/svg\" viewBox=\"0 0 448 512\"><path d=\"M224.1 141c-63.6 0-114.9 51.3-114.9 114.9s51.3 114.9 114.9 114.9S339 319.5 339 255.9 287.7 141 224.1 141zm0 189.6c-41.1 0-74.7-33.5-74.7-74.7s33.5-74.7 74.7-74.7 74.7 33.5 74.7 74.7-33.6 74.7-74.7 74.7zm146.4-194.3c0 14.9-12 26.8-26.8 26.8-14.9 0-26.8-12-26.8-26.8s12-26.8 26.8-26.8 26.8 12 26.8 26.8zm76.1 27.2c-1.7-35.9-9.9-67.7-36.2-93.9-26.2-26.2-58-34.4-93.9-36.2-37-2.1-147.9-2.1-184.9 0-35.8 1.7-67.6 9.9-93.9 36.1s-34.4 58-36.2 93.9c-2.1 37-2.1 147.9 0 184.9 1.7 35.9 9.9 67.7 36.2 93.9s58 34.4 93.9 36.2c37 2.1 147.9 2.1 184.9 0 35.9-1.7 67.7-9.9 93.9-36.2 26.2-26.2 34.4-58 36.2-93.9 2.1-37 2.1-147.8 0-184.8zM398.8 388c-7.8 19.6-22.9 34.7-42.6 42.6-29.5 11.7-99.5 9-132.1 9s-102.7 2.6-132.1-9c-19.6-7.8-34.7-22.9-42.6-42.6-11.7-29.5-9-99.5-9-132.1s-2.6-102.7 9-132.1c7.8-19.6 22.9-34.7 42.6-42.6 29.5-11.7 99.5-9 132.1-9s102.7-2.6 132.1 9c19.6 7.8 34.7 22.9 42.6 42.6 11.7 29.5 9 99.5 9 132.1s2.7 102.7-9 132.1z\"><\/path><\/svg><\/span><div class=\"uagb-button__link\">@Mexico.selecto<\/div><\/a><\/div><\/div>\n<\/div><\/div>\n<\/div>\n<\/div><\/div>\n\n\n\n<div class=\"wp-block-uagb-container uagb-block-81e0523b alignfull uagb-is-root-container\"><div class=\"uagb-container__shape uagb-container__shape-top\"><svg xmlns=\"https:\/\/www.w3.org\/2000\/svg\" viewBox=\"0 0 700 10\" preserveAspectRatio=\"none\"><path class=\"uagb-container__shape-fill\" d=\"M350,10L340,0h20L350,10z\"><\/path><\/svg><\/div><div class=\"uagb-container-inner-blocks-wrap\">\n<div class=\"wp-block-uagb-advanced-heading uagb-block-51ac0aa8\"><h3 class=\"uagb-heading-text\">S\u00edguenos en redes y participa para ganar experiencias SELECTAS.<\/h3><\/div>\n<\/div><\/div>\n\n\n\n<div class=\"wp-block-uagb-container uagb-block-4f6abd8f alignfull uagb-is-root-container\"><div class=\"uagb-container-inner-blocks-wrap\">\n<div class=\"wp-block-uagb-info-box uagb-block-52a02f12 uagb-infobox__content-wrap  uagb-infobox-icon-below-title uagb-infobox-image-valign-top\"><div class=\"uagb-ifb-content\"><div class=\"uagb-ifb-title-wrap\"><h2 class=\"uagb-ifb-title\">Selecci\u00f3n especial<\/h2><\/div><div class=\"uagb-ifb-image-content\"><img decoding=\"async\" src=\"https:\/\/mexicoselecto.com\/wp-content\/uploads\/2019\/07\/logo-leaf-new.png\" alt=\"\" width=\"\" height=\"0\" loading=\"lazy\"\/><\/div><\/div><\/div>\n\n\n<div class=\"woocommerce columns-4 \"><\/div>\n<\/div><\/div>\n\n\n\n<div class=\"wp-block-uagb-container uagb-block-1725dfae alignfull uagb-is-root-container\"><div class=\"uagb-container-inner-blocks-wrap\">\n<div class=\"wp-block-uagb-info-box uagb-block-cadba545 uagb-infobox__content-wrap  uagb-infobox-icon-below-title uagb-infobox-image-valign-top\"><div class=\"uagb-ifb-content\"><div class=\"uagb-ifb-title-wrap\"><h2 class=\"uagb-ifb-title\">Nuestros Clientes<\/h2><\/div><div class=\"uagb-ifb-image-content\"><img decoding=\"async\" src=\"https:\/\/mexicoselecto.com\/wp-content\/uploads\/2019\/07\/logo-leaf-new.png\" alt=\"\" width=\"\" height=\"0\" loading=\"lazy\"\/><\/div><\/div><\/div>\n\n\n\n<div class=\"wp-block-uagb-container uagb-block-d1c9c0bc\">\n<div class=\"wp-block-uagb-container uagb-block-dd37eb87\">\n<div class=\"wp-block-uagb-info-box uagb-block-7414b5e5 uagb-infobox__content-wrap  uagb-infobox-icon-above-title uagb-infobox-image-valign-top\"><div class=\"uagb-ifb-content\"><div class=\"uagb-ifb-title-wrap\"><h2 class=\"uagb-ifb-title\">OFERTA DEL MES!<\/h2><\/div><p class=\"uagb-ifb-desc\">Prueba la multipremiada Cerveza Martua Web HEAVY a un precio incre\u00edble. <\/p><div class=\"uagb-ifb-button-wrapper wp-block-button\"><a href=\"#\" class=\"uagb-infobox-cta-link wp-block-button__link\" target=\"_self\" rel=\"noopener noreferrer\" onclick=\"return false;\" alt=\"\"><span class=\"uagb-inline-editing\">COMPRA AHORA<\/span><svg xmlns=\"https:\/\/www.w3.org\/2000\/svg\" viewBox=\"0 0 512 512\"><path d=\"M502.6 278.6l-128 128c-12.51 12.51-32.76 12.49-45.25 0c-12.5-12.5-12.5-32.75 0-45.25L402.8 288H32C14.31 288 0 273.7 0 255.1S14.31 224 32 224h370.8l-73.38-73.38c-12.5-12.5-12.5-32.75 0-45.25s32.75-12.5 45.25 0l128 128C515.1 245.9 515.1 266.1 502.6 278.6z\"><\/path><\/svg><\/a><\/div><\/div><\/div>\n<\/div>\n<\/div>\n<\/div><\/div>\n\n\n\n<div class=\"wp-block-uagb-container uagb-block-0690fac1 alignfull uagb-is-root-container\"><div class=\"uagb-container-inner-blocks-wrap\">\n<div class=\"wp-block-uagb-advanced-heading uagb-block-e1cf6b2d\"><h6 class=\"uagb-heading-text\">MARCAS SELECTAS<\/h6><\/div>\n\n\n\n<div class=\"wp-block-uagb-image aligncenter uagb-block-70560bbb wp-block-uagb-image--layout-default wp-block-uagb-image--effect-static wp-block-uagb-image--align-center\"><figure class=\"wp-block-uagb-image__figure\"><img decoding=\"async\" srcset=\"https:\/\/mexicoselecto.com\/wp-content\/uploads\/2023\/08\/Captura-de-Pantalla-2023-03-24-a-las-5.04.58-p.m-1024x319.png \" sizes=\"(max-width: 480px) 150px\" src=\"https:\/\/mexicoselecto.com\/wp-content\/uploads\/2023\/08\/Captura-de-Pantalla-2023-03-24-a-las-5.04.58-p.m-1024x319.png\" alt=\"cervecer\u00eda Martuja\" class=\"uag-image-4528\" width=\"237\" height=\"73\" title=\"\" loading=\"lazy\"\/><\/figure><\/div>\n\n\n\n<div class=\"wp-block-uagb-image aligncenter uagb-block-01775f7c wp-block-uagb-image--layout-default wp-block-uagb-image--effect-static wp-block-uagb-image--align-center\"><figure class=\"wp-block-uagb-image__figure\"><img decoding=\"async\" srcset=\"https:\/\/websitedemos.net\/organic-shop-08\/wp-content\/uploads\/sites\/678\/2019\/06\/logo02-free-img-150x100.png \" sizes=\"(max-width: 480px) 150px\" src=\"https:\/\/websitedemos.net\/organic-shop-08\/wp-content\/uploads\/sites\/678\/2019\/06\/logo02-free-img-150x100.png\" alt=\"\" class=\"uag-image-1835\" width=\"113\" height=\"75\" title=\"\" loading=\"lazy\"\/><\/figure><\/div>\n\n\n\n<div class=\"wp-block-uagb-image aligncenter uagb-block-064b0cf5 wp-block-uagb-image--layout-default wp-block-uagb-image--effect-static wp-block-uagb-image--align-center\"><figure class=\"wp-block-uagb-image__figure\"><img decoding=\"async\" srcset=\"https:\/\/websitedemos.net\/organic-shop-08\/wp-content\/uploads\/sites\/678\/2019\/06\/logo03-free-img-150x100.png \" sizes=\"(max-width: 480px) 150px\" src=\"https:\/\/websitedemos.net\/organic-shop-08\/wp-content\/uploads\/sites\/678\/2019\/06\/logo03-free-img-150x100.png\" alt=\"\" class=\"uag-image-1839\" width=\"113\" height=\"75\" title=\"\" loading=\"lazy\"\/><\/figure><\/div>\n\n\n\n<div class=\"wp-block-uagb-image aligncenter uagb-block-9d6978e8 wp-block-uagb-image--layout-default wp-block-uagb-image--effect-static wp-block-uagb-image--align-center\"><figure class=\"wp-block-uagb-image__figure\"><img decoding=\"async\" srcset=\"https:\/\/websitedemos.net\/organic-shop-08\/wp-content\/uploads\/sites\/678\/2019\/06\/logo04-free-img-150x100.png \" sizes=\"(max-width: 480px) 150px\" src=\"https:\/\/websitedemos.net\/organic-shop-08\/wp-content\/uploads\/sites\/678\/2019\/06\/logo04-free-img-150x100.png\" alt=\"\" class=\"uag-image-1851\" width=\"113\" height=\"75\" title=\"\" loading=\"lazy\"\/><\/figure><\/div>\n\n\n\n<div class=\"wp-block-uagb-image aligncenter uagb-block-d82c3960 wp-block-uagb-image--layout-default wp-block-uagb-image--effect-static wp-block-uagb-image--align-center\"><figure class=\"wp-block-uagb-image__figure\"><img decoding=\"async\" srcset=\"https:\/\/websitedemos.net\/organic-shop-08\/wp-content\/uploads\/sites\/678\/2019\/06\/logo05-free-img-150x100.png \" sizes=\"(max-width: 480px) 150px\" src=\"https:\/\/websitedemos.net\/organic-shop-08\/wp-content\/uploads\/sites\/678\/2019\/06\/logo05-free-img-150x100.png\" alt=\"\" class=\"uag-image-1853\" width=\"113\" height=\"75\" title=\"\" loading=\"lazy\"\/><\/figure><\/div>\n<\/div><\/div>\n","protected":false},"excerpt":{"rendered":"<p>S\u00edguenos en redes y descubre el cup\u00f3n de 25% de Descuento, m\u00e1ndanos un screenshot a nuestras redes. S\u00edguenos en redes y participa para ganar experiencias SELECTAS. MARCAS SELECTAS<\/p>\n","protected":false},"author":1,"featured_media":0,"parent":0,"menu_order":0,"comment_status":"closed","ping_status":"closed","template":"","meta":{"_uag_custom_page_level_css":"","site-sidebar-layout":"no-sidebar","site-content-layout":"plain-container","ast-global-header-display":"","ast-banner-title-visibility":"","ast-main-header-display":"","ast-hfb-above-header-display":"","ast-hfb-below-header-display":"","ast-hfb-mobile-header-display":"","site-post-title":"disabled","ast-breadcrumbs-content":"","ast-featured-img":"disabled","footer-sml-layout":"","theme-transparent-header-meta":"default","adv-header-id-meta":"","stick-header-meta":"","header-above-stick-meta":"","header-main-stick-meta":"","header-below-stick-meta":"","footnotes":""},"uagb_featured_image_src":{"full":false,"thumbnail":false,"medium":false,"medium_large":false,"large":false,"1536x1536":false,"2048x2048":false,"woocommerce_thumbnail":false,"woocommerce_single":false,"woocommerce_gallery_thumbnail":false},"uagb_author_info":{"display_name":"mexicoselecto.com","author_link":"https:\/\/mexicoselecto.com\/index.php\/author\/mexicoselecto-com\/"},"uagb_comment_info":0,"uagb_excerpt":"S\u00edguenos en redes y descubre el cup\u00f3n de 25% de Descuento, m\u00e1ndanos un screenshot a nuestras redes. S\u00edguenos en redes y participa para ganar experiencias SELECTAS. MARCAS SELECTAS","_links":{"self":[{"href":"https:\/\/mexicoselecto.com\/index.php\/wp-json\/wp\/v2\/pages\/3610"}],"collection":[{"href":"https:\/\/mexicoselecto.com\/index.php\/wp-json\/wp\/v2\/pages"}],"about":[{"href":"https:\/\/mexicoselecto.com\/index.php\/wp-json\/wp\/v2\/types\/page"}],"author":[{"embeddable":true,"href":"https:\/\/mexicoselecto.com\/index.php\/wp-json\/wp\/v2\/users\/1"}],"replies":[{"embeddable":true,"href":"https:\/\/mexicoselecto.com\/index.php\/wp-json\/wp\/v2\/comments?post=3610"}],"version-history":[{"count":14,"href":"https:\/\/mexicoselecto.com\/index.php\/wp-json\/wp\/v2\/pages\/3610\/revisions"}],"predecessor-version":[{"id":4570,"href":"https:\/\/mexicoselecto.com\/index.php\/wp-json\/wp\/v2\/pages\/3610\/revisions\/4570"}],"wp:attachment":[{"href":"https:\/\/mexicoselecto.com\/index.php\/wp-json\/wp\/v2\/media?parent=3610"}],"curies":[{"name":"wp","href":"https:\/\/api.w.org\/{rel}","templated":true}]}}